{"id":5105,"date":"2013-01-16T18:18:49","date_gmt":"2013-01-16T18:18:49","guid":{"rendered":"http:\/\/themes.opendept.net\/velo\/?page_id=4"},"modified":"2023-03-12T10:07:47","modified_gmt":"2023-03-12T09:07:47","slug":"frontpage","status":"publish","type":"page","link":"https:\/\/kattishundvard.se\/","title":{"rendered":"Kattis Hundv\u00e5rd"},"content":{"rendered":"\n<p>V\u00e4lkommen! Vi finns i V\u00e4stertorp i H\u00e4gersten, med 40 \u00e5rs samlad erfarenhet &amp; kunskap tar vi hand om din hund!<br>Hunddagis, klippning, trimning, kloklippning och hundbad \u00e4r v\u00e5ra 5 arbetsomr\u00e5den.<\/p>\n\n\n\n<p>Vi str\u00e4var efter att ge dig och din hund en familj\u00e4r st\u00e4mning med trevlig och kunnig personal!<\/p>\n\n\n\n<p>Tveka inte att kontakta oss redan idag om du har fr\u00e5gor eller funderingar!<\/p>\n","protected":false},"excerpt":{"rendered":"<p>V\u00e4lkommen! Vi finns i V\u00e4stertorp i H\u00e4gersten, med 40 \u00e5rs samlad erfarenhet &amp; kunskap tar vi hand om din hund!Hunddagis, klippning, trimning, kloklippning och hundbad \u00e4r v\u00e5ra 5 arbetsomr\u00e5den. Vi str\u00e4var efter att ge dig och din hund en familj\u00e4r &hellip; <a href=\"https:\/\/kattishundvard.se\/\">Forts\u00e4tt l\u00e4sa <span class=\"meta-nav\">&rarr;<\/span><\/a><\/p>\n","protected":false},"author":1,"featured_media":0,"parent":0,"menu_order":0,"comment_status":"closed","ping_status":"open","template":"","meta":{"footnotes":""},"class_list":["post-5105","page","type-page","status-publish","hentry"],"_links":{"self":[{"href":"https:\/\/kattishundvard.se\/index.php?rest_route=\/wp\/v2\/pages\/5105","targetHints":{"allow":["GET"]}}],"collection":[{"href":"https:\/\/kattishundvard.se\/index.php?rest_route=\/wp\/v2\/pages"}],"about":[{"href":"https:\/\/kattishundvard.se\/index.php?rest_route=\/wp\/v2\/types\/page"}],"author":[{"embeddable":true,"href":"https:\/\/kattishundvard.se\/index.php?rest_route=\/wp\/v2\/users\/1"}],"replies":[{"embeddable":true,"href":"https:\/\/kattishundvard.se\/index.php?rest_route=%2Fwp%2Fv2%2Fcomments&post=5105"}],"version-history":[{"count":10,"href":"https:\/\/kattishundvard.se\/index.php?rest_route=\/wp\/v2\/pages\/5105\/revisions"}],"predecessor-version":[{"id":5338,"href":"https:\/\/kattishundvard.se\/index.php?rest_route=\/wp\/v2\/pages\/5105\/revisions\/5338"}],"wp:attachment":[{"href":"https:\/\/kattishundvard.se\/index.php?rest_route=%2Fwp%2Fv2%2Fmedia&parent=5105"}],"curies":[{"name":"wp","href":"https:\/\/api.w.org\/{rel}","templated":true}]}}